{"id":112,"date":"2015-01-08T12:21:08","date_gmt":"2015-01-08T11:21:08","guid":{"rendered":"http:\/\/upipe.org\/blog\/?page_id=112"},"modified":"2015-01-08T12:21:08","modified_gmt":"2015-01-08T11:21:08","slug":"legal-terms","status":"publish","type":"page","link":"http:\/\/upipe.org\/blog\/legal-terms\/","title":{"rendered":"Legal Terms"},"content":{"rendered":"<p>Le pr\u00e9sent site est h\u00e9berg\u00e9 par la soci\u00e9t\u00e9 OVH,\u00a0dont le si\u00e8ge social est sis 2 rue Kellermann, BP 99985, 59100 Roubaix.<\/p>\n","protected":false},"excerpt":{"rendered":"<p>Le pr\u00e9sent site est h\u00e9berg\u00e9 par la soci\u00e9t\u00e9 OVH,\u00a0dont le si\u00e8ge social est sis 2 rue Kellermann, BP 99985, 59100 Roubaix.<\/p>\n","protected":false},"author":1,"featured_media":0,"parent":0,"menu_order":7,"comment_status":"closed","ping_status":"open","template":"","meta":{"footnotes":"","_links_to":"","_links_to_target":""},"class_list":["post-112","page","type-page","status-publish","hentry"],"_links":{"self":[{"href":"http:\/\/upipe.org\/blog\/wp-json\/wp\/v2\/pages\/112","targetHints":{"allow":["GET"]}}],"collection":[{"href":"http:\/\/upipe.org\/blog\/wp-json\/wp\/v2\/pages"}],"about":[{"href":"http:\/\/upipe.org\/blog\/wp-json\/wp\/v2\/types\/page"}],"author":[{"embeddable":true,"href":"http:\/\/upipe.org\/blog\/wp-json\/wp\/v2\/users\/1"}],"replies":[{"embeddable":true,"href":"http:\/\/upipe.org\/blog\/wp-json\/wp\/v2\/comments?post=112"}],"version-history":[{"count":1,"href":"http:\/\/upipe.org\/blog\/wp-json\/wp\/v2\/pages\/112\/revisions"}],"predecessor-version":[{"id":113,"href":"http:\/\/upipe.org\/blog\/wp-json\/wp\/v2\/pages\/112\/revisions\/113"}],"wp:attachment":[{"href":"http:\/\/upipe.org\/blog\/wp-json\/wp\/v2\/media?parent=112"}],"curies":[{"name":"wp","href":"https:\/\/api.w.org\/{rel}","templated":true}]}}